{"id":410,"date":"2023-12-04T09:18:53","date_gmt":"2023-12-04T09:18:53","guid":{"rendered":"https:\/\/sothisconcrete.com\/?page_id=410"},"modified":"2024-02-21T16:07:08","modified_gmt":"2024-02-21T16:07:08","slug":"blog","status":"publish","type":"page","link":"https:\/\/sothisconcrete.com\/en\/blog\/","title":{"rendered":"Blog"},"content":{"rendered":"<div data-elementor-type=\"wp-page\" data-elementor-id=\"410\" class=\"elementor elementor-410\" data-elementor-post-type=\"page\">\n\t\t\t\t<div class=\"elementor-element elementor-element-45bb9a1 e-flex e-con-boxed e-con e-parent\" data-id=\"45bb9a1\" data-element_type=\"container\" data-e-type=\"container\">\n\t\t\t\t\t<div class=\"e-con-inner\">\n\t\t\t\t<div class=\"elementor-element elementor-element-a9ac258 elementor-widget-divider--view-line elementor-widget elementor-widget-divider\" data-id=\"a9ac258\" data-element_type=\"widget\" data-e-type=\"widget\" data-widget_type=\"divider.default\">\n\t\t\t\t<div class=\"elementor-widget-container\">\n\t\t\t\t\t\t\t<div class=\"elementor-divider\">\n\t\t\t<span class=\"elementor-divider-separator\">\n\t\t\t\t\t\t<\/span>\n\t\t<\/div>\n\t\t\t\t\t\t<\/div>\n\t\t\t\t<\/div>\n\t\t\t\t\t<\/div>\n\t\t\t\t<\/div>\n\t\t<div class=\"elementor-element elementor-element-3e6c09e e-flex e-con-boxed e-con e-parent\" data-id=\"3e6c09e\" data-element_type=\"container\" data-e-type=\"container\">\n\t\t\t\t\t<div class=\"e-con-inner\">\n\t\t\t\t<div data-dce-text-color=\"#008C95\" class=\"elementor-element elementor-element-e226465 elementor-widget elementor-widget-text-editor\" data-id=\"e226465\" data-element_type=\"widget\" data-e-type=\"widget\" data-widget_type=\"text-editor.default\">\n\t\t\t\t<div class=\"elementor-widget-container\">\n\t\t\t\t\t\t\t\t\t<h1>BLOG SOTHIS CONCRETE<\/h1>\t\t\t\t\t\t\t\t<\/div>\n\t\t\t\t<\/div>\n\t\t\t\t\t<\/div>\n\t\t\t\t<\/div>\n\t\t<div class=\"elementor-element elementor-element-bbeca89 e-con-full e-flex e-con e-parent\" data-id=\"bbeca89\" data-element_type=\"container\" data-e-type=\"container\">\n\t\t<div class=\"elementor-element elementor-element-6e0455b e-flex e-con-boxed e-con e-child\" data-id=\"6e0455b\" data-element_type=\"container\" data-e-type=\"container\">\n\t\t\t\t\t<div class=\"e-con-inner\">\n\t\t\t\t<div class=\"elementor-element elementor-element-823afd9 elementor-widget elementor-widget-spacer\" data-id=\"823afd9\" data-element_type=\"widget\" data-e-type=\"widget\" data-widget_type=\"spacer.default\">\n\t\t\t\t<div class=\"elementor-widget-container\">\n\t\t\t\t\t\t\t<div class=\"elementor-spacer\">\n\t\t\t<div class=\"elementor-spacer-inner\"><\/div>\n\t\t<\/div>\n\t\t\t\t\t\t<\/div>\n\t\t\t\t<\/div>\n\t\t\t\t<div class=\"elementor-element elementor-element-17c5f0b elementor-widget elementor-widget-text-editor\" data-id=\"17c5f0b\" data-element_type=\"widget\" data-e-type=\"widget\" data-widget_type=\"text-editor.default\">\n\t\t\t\t<div class=\"elementor-widget-container\">\n\t\t\t\t\t\t\t\t\t<p>Te traemos toda la informaci\u00f3n sobre Proyectos de Obra e Ingenier\u00eda, Construcci\u00f3n, Operaciones y Real Estate. Descubre consejos pr\u00e1cticos y tendencias innovadoras para tus proyectos.\u00a0<\/p>\t\t\t\t\t\t\t\t<\/div>\n\t\t\t\t<\/div>\n\t\t\t\t\t<\/div>\n\t\t\t\t<\/div>\n\t\t\t\t<\/div>\n\t\t<div class=\"elementor-element elementor-element-e3da70c e-flex e-con-boxed e-con e-parent\" data-id=\"e3da70c\" data-element_type=\"container\" data-e-type=\"container\">\n\t\t\t\t\t<div class=\"e-con-inner\">\n\t\t\t\t<div class=\"elementor-element elementor-element-8194a93 elementor-grid-3 elementor-grid-tablet-2 elementor-grid-mobile-1 elementor-posts--thumbnail-top elementor-card-shadow-yes elementor-posts__hover-gradient elementor-widget elementor-widget-posts\" data-id=\"8194a93\" data-element_type=\"widget\" data-e-type=\"widget\" data-settings=\"{&quot;pagination_type&quot;:&quot;numbers&quot;,&quot;cards_columns&quot;:&quot;3&quot;,&quot;cards_columns_tablet&quot;:&quot;2&quot;,&quot;cards_columns_mobile&quot;:&quot;1&quot;,&quot;cards_row_gap&quot;:{&quot;unit&quot;:&quot;px&quot;,&quot;size&quot;:35,&quot;sizes&quot;:[]},&quot;cards_row_gap_tablet&quot;:{&quot;unit&quot;:&quot;px&quot;,&quot;size&quot;:&quot;&quot;,&quot;sizes&quot;:[]},&quot;cards_row_gap_mobile&quot;:{&quot;unit&quot;:&quot;px&quot;,&quot;size&quot;:&quot;&quot;,&quot;sizes&quot;:[]}}\" data-widget_type=\"posts.cards\">\n\t\t\t\t<div class=\"elementor-widget-container\">\n\t\t\t\t\t\t\t<div class=\"elementor-posts-container elementor-posts elementor-posts--skin-cards elementor-grid\" role=\"list\">\n\t\t\t\t<article class=\"elementor-post elementor-grid-item post-2014 post type-post status-publish format-standard has-post-thumbnail hentry category-construccion\" role=\"listitem\">\n\t\t\t<div class=\"elementor-post__card\">\n\t\t\t\t<a class=\"elementor-post__thumbnail__link\" href=\"https:\/\/sothisconcrete.com\/en\/lean-construction-industrializacion\/\" tabindex=\"-1\" ><div class=\"elementor-post__thumbnail\"><img fetchpriority=\"high\" decoding=\"async\" width=\"1920\" height=\"2560\" src=\"https:\/\/sothisconcrete.com\/wp-content\/uploads\/2025\/12\/shutterstock_2388400003-scaled.jpg\" class=\"attachment-medium size-medium wp-image-2016\" alt=\"\" srcset=\"https:\/\/sothisconcrete.com\/wp-content\/uploads\/2025\/12\/shutterstock_2388400003-scaled.jpg 1920w, https:\/\/sothisconcrete.com\/wp-content\/uploads\/2025\/12\/shutterstock_2388400003-768x1024.jpg 768w, https:\/\/sothisconcrete.com\/wp-content\/uploads\/2025\/12\/shutterstock_2388400003-1152x1536.jpg 1152w, https:\/\/sothisconcrete.com\/wp-content\/uploads\/2025\/12\/shutterstock_2388400003-1536x2048.jpg 1536w, https:\/\/sothisconcrete.com\/wp-content\/uploads\/2025\/12\/shutterstock_2388400003-9x12.jpg 9w\" sizes=\"(max-width: 1920px) 100vw, 1920px\" \/><\/div><\/a>\n\t\t\t\t<div class=\"elementor-post__badge\">Construction<\/div>\n\t\t\t\t<div class=\"elementor-post__text\">\n\t\t\t\t<h3 class=\"elementor-post__title\">\n\t\t\t<a href=\"https:\/\/sothisconcrete.com\/en\/lean-construction-industrializacion\/\" >\n\t\t\t\tC\u00f3mo aplicar Lean Construction en entornos industrializados\t\t\t<\/a>\n\t\t<\/h3>\n\t\t\t\t\t<div class=\"elementor-post__read-more-wrapper\">\n\t\t\n\t\t<a class=\"elementor-post__read-more\" href=\"https:\/\/sothisconcrete.com\/en\/lean-construction-industrializacion\/\" aria-label=\"Read more about C\u00f3mo aplicar Lean Construction en entornos industrializados\" tabindex=\"-1\" >\n\t\t\tREAD MORE\t\t<\/a>\n\n\t\t\t\t\t<\/div>\n\t\t\t\t<\/div>\n\t\t\t\t\t<\/div>\n\t\t<\/article>\n\t\t\t\t<article class=\"elementor-post elementor-grid-item post-2011 post type-post status-publish format-standard has-post-thumbnail hentry category-construccion\" role=\"listitem\">\n\t\t\t<div class=\"elementor-post__card\">\n\t\t\t\t<a class=\"elementor-post__thumbnail__link\" href=\"https:\/\/sothisconcrete.com\/en\/sap-construccion-industrializada\/\" tabindex=\"-1\" ><div class=\"elementor-post__thumbnail\"><img decoding=\"async\" width=\"2560\" height=\"1709\" src=\"https:\/\/sothisconcrete.com\/wp-content\/uploads\/2025\/12\/shutterstock_1087545821-scaled.jpg\" class=\"attachment-medium size-medium wp-image-2012\" alt=\"\" srcset=\"https:\/\/sothisconcrete.com\/wp-content\/uploads\/2025\/12\/shutterstock_1087545821-scaled.jpg 2560w, https:\/\/sothisconcrete.com\/wp-content\/uploads\/2025\/12\/shutterstock_1087545821-768x513.jpg 768w, https:\/\/sothisconcrete.com\/wp-content\/uploads\/2025\/12\/shutterstock_1087545821-1536x1025.jpg 1536w, https:\/\/sothisconcrete.com\/wp-content\/uploads\/2025\/12\/shutterstock_1087545821-2048x1367.jpg 2048w, https:\/\/sothisconcrete.com\/wp-content\/uploads\/2025\/12\/shutterstock_1087545821-18x12.jpg 18w\" sizes=\"(max-width: 2560px) 100vw, 2560px\" \/><\/div><\/a>\n\t\t\t\t<div class=\"elementor-post__badge\">Construction<\/div>\n\t\t\t\t<div class=\"elementor-post__text\">\n\t\t\t\t<h3 class=\"elementor-post__title\">\n\t\t\t<a href=\"https:\/\/sothisconcrete.com\/en\/sap-construccion-industrializada\/\" >\n\t\t\t\tSAP en construcci\u00f3n industrializada | Optimiza tu negocio con SothisConcrete\t\t\t<\/a>\n\t\t<\/h3>\n\t\t\t\t\t<div class=\"elementor-post__read-more-wrapper\">\n\t\t\n\t\t<a class=\"elementor-post__read-more\" href=\"https:\/\/sothisconcrete.com\/en\/sap-construccion-industrializada\/\" aria-label=\"Read more about SAP en construcci\u00f3n industrializada | Optimiza tu negocio con SothisConcrete\" tabindex=\"-1\" >\n\t\t\tREAD MORE\t\t<\/a>\n\n\t\t\t\t\t<\/div>\n\t\t\t\t<\/div>\n\t\t\t\t\t<\/div>\n\t\t<\/article>\n\t\t\t\t<article class=\"elementor-post elementor-grid-item post-1997 post type-post status-publish format-standard has-post-thumbnail hentry category-construccion\" role=\"listitem\">\n\t\t\t<div class=\"elementor-post__card\">\n\t\t\t\t<a class=\"elementor-post__thumbnail__link\" href=\"https:\/\/sothisconcrete.com\/en\/sothis4-telecom-solucion-construccion-gestion-infraestructuras-telecomunicaciones\/\" tabindex=\"-1\" ><div class=\"elementor-post__thumbnail\"><img decoding=\"async\" width=\"2560\" height=\"1714\" src=\"https:\/\/sothisconcrete.com\/wp-content\/uploads\/2025\/04\/telecommunication-tower-with-sunlight-used-transmit-television-signals-scaled.jpg\" class=\"attachment-medium size-medium wp-image-1998\" alt=\"\" srcset=\"https:\/\/sothisconcrete.com\/wp-content\/uploads\/2025\/04\/telecommunication-tower-with-sunlight-used-transmit-television-signals-scaled.jpg 2560w, https:\/\/sothisconcrete.com\/wp-content\/uploads\/2025\/04\/telecommunication-tower-with-sunlight-used-transmit-television-signals-768x514.jpg 768w, https:\/\/sothisconcrete.com\/wp-content\/uploads\/2025\/04\/telecommunication-tower-with-sunlight-used-transmit-television-signals-1536x1028.jpg 1536w, https:\/\/sothisconcrete.com\/wp-content\/uploads\/2025\/04\/telecommunication-tower-with-sunlight-used-transmit-television-signals-2048x1371.jpg 2048w, https:\/\/sothisconcrete.com\/wp-content\/uploads\/2025\/04\/telecommunication-tower-with-sunlight-used-transmit-television-signals-18x12.jpg 18w\" sizes=\"(max-width: 2560px) 100vw, 2560px\" \/><\/div><\/a>\n\t\t\t\t<div class=\"elementor-post__badge\">Construction<\/div>\n\t\t\t\t<div class=\"elementor-post__text\">\n\t\t\t\t<h3 class=\"elementor-post__title\">\n\t\t\t<a href=\"https:\/\/sothisconcrete.com\/en\/sothis4-telecom-solucion-construccion-gestion-infraestructuras-telecomunicaciones\/\" >\n\t\t\t\tSothiS4\/Telecom: Soluci\u00f3n para la Construcci\u00f3n y Gesti\u00f3n de Infraestructuras de Telecomunicaciones | Innovaci\u00f3n y Eficiencia\t\t\t<\/a>\n\t\t<\/h3>\n\t\t\t\t\t<div class=\"elementor-post__read-more-wrapper\">\n\t\t\n\t\t<a class=\"elementor-post__read-more\" href=\"https:\/\/sothisconcrete.com\/en\/sothis4-telecom-solucion-construccion-gestion-infraestructuras-telecomunicaciones\/\" aria-label=\"Read more about SothiS4\/Telecom: Soluci\u00f3n para la Construcci\u00f3n y Gesti\u00f3n de Infraestructuras de Telecomunicaciones | Innovaci\u00f3n y Eficiencia\" tabindex=\"-1\" >\n\t\t\tREAD MORE\t\t<\/a>\n\n\t\t\t\t\t<\/div>\n\t\t\t\t<\/div>\n\t\t\t\t\t<\/div>\n\t\t<\/article>\n\t\t\t\t<article class=\"elementor-post elementor-grid-item post-1963 post type-post status-publish format-standard has-post-thumbnail hentry category-construccion\" role=\"listitem\">\n\t\t\t<div class=\"elementor-post__card\">\n\t\t\t\t<a class=\"elementor-post__thumbnail__link\" href=\"https:\/\/sothisconcrete.com\/en\/sothis-concrete-public-edition-solucion-certificada-sap\/\" tabindex=\"-1\" ><div class=\"elementor-post__thumbnail\"><img loading=\"lazy\" decoding=\"async\" width=\"1024\" height=\"576\" src=\"https:\/\/sothisconcrete.com\/wp-content\/uploads\/2025\/03\/Blog-Portada-Concrete-4.jpg\" class=\"attachment-medium size-medium wp-image-1965\" alt=\"\" srcset=\"https:\/\/sothisconcrete.com\/wp-content\/uploads\/2025\/03\/Blog-Portada-Concrete-4.jpg 1024w, https:\/\/sothisconcrete.com\/wp-content\/uploads\/2025\/03\/Blog-Portada-Concrete-4-768x432.jpg 768w, https:\/\/sothisconcrete.com\/wp-content\/uploads\/2025\/03\/Blog-Portada-Concrete-4-18x10.jpg 18w\" sizes=\"(max-width: 1024px) 100vw, 1024px\" \/><\/div><\/a>\n\t\t\t\t<div class=\"elementor-post__badge\">Construction<\/div>\n\t\t\t\t<div class=\"elementor-post__text\">\n\t\t\t\t<h3 class=\"elementor-post__title\">\n\t\t\t<a href=\"https:\/\/sothisconcrete.com\/en\/sothis-concrete-public-edition-solucion-certificada-sap\/\" >\n\t\t\t\tSothisConcrete Public Edition,  una soluci\u00f3n certificada por SAP\t\t\t<\/a>\n\t\t<\/h3>\n\t\t\t\t\t<div class=\"elementor-post__read-more-wrapper\">\n\t\t\n\t\t<a class=\"elementor-post__read-more\" href=\"https:\/\/sothisconcrete.com\/en\/sothis-concrete-public-edition-solucion-certificada-sap\/\" aria-label=\"Read more about SothisConcrete Public Edition,  una soluci\u00f3n certificada por SAP\" tabindex=\"-1\" >\n\t\t\tREAD MORE\t\t<\/a>\n\n\t\t\t\t\t<\/div>\n\t\t\t\t<\/div>\n\t\t\t\t\t<\/div>\n\t\t<\/article>\n\t\t\t\t<article class=\"elementor-post elementor-grid-item post-1946 post type-post status-publish format-standard has-post-thumbnail hentry category-construccion\" role=\"listitem\">\n\t\t\t<div class=\"elementor-post__card\">\n\t\t\t\t<a class=\"elementor-post__thumbnail__link\" href=\"https:\/\/sothisconcrete.com\/en\/concrete\/\" tabindex=\"-1\" ><div class=\"elementor-post__thumbnail\"><img loading=\"lazy\" decoding=\"async\" width=\"1600\" height=\"1066\" src=\"https:\/\/sothisconcrete.com\/wp-content\/uploads\/2024\/06\/canva-sin-titulo-MAELB-u6thA.jpg\" class=\"attachment-medium size-medium wp-image-1952\" alt=\"sap-concrete\" srcset=\"https:\/\/sothisconcrete.com\/wp-content\/uploads\/2024\/06\/canva-sin-titulo-MAELB-u6thA.jpg 1600w, https:\/\/sothisconcrete.com\/wp-content\/uploads\/2024\/06\/canva-sin-titulo-MAELB-u6thA-768x512.jpg 768w, https:\/\/sothisconcrete.com\/wp-content\/uploads\/2024\/06\/canva-sin-titulo-MAELB-u6thA-1536x1023.jpg 1536w, https:\/\/sothisconcrete.com\/wp-content\/uploads\/2024\/06\/canva-sin-titulo-MAELB-u6thA-18x12.jpg 18w\" sizes=\"(max-width: 1600px) 100vw, 1600px\" \/><\/div><\/a>\n\t\t\t\t<div class=\"elementor-post__badge\">Construction<\/div>\n\t\t\t\t<div class=\"elementor-post__text\">\n\t\t\t\t<h3 class=\"elementor-post__title\">\n\t\t\t<a href=\"https:\/\/sothisconcrete.com\/en\/concrete\/\" >\n\t\t\t\tSothis Concrete\t\t\t<\/a>\n\t\t<\/h3>\n\t\t\t\t\t<div class=\"elementor-post__read-more-wrapper\">\n\t\t\n\t\t<a class=\"elementor-post__read-more\" href=\"https:\/\/sothisconcrete.com\/en\/concrete\/\" aria-label=\"Read more about Sothis Concrete\" tabindex=\"-1\" >\n\t\t\tREAD MORE\t\t<\/a>\n\n\t\t\t\t\t<\/div>\n\t\t\t\t<\/div>\n\t\t\t\t\t<\/div>\n\t\t<\/article>\n\t\t\t\t<article class=\"elementor-post elementor-grid-item post-1291 post type-post status-publish format-standard has-post-thumbnail hentry category-construccion\" role=\"listitem\">\n\t\t\t<div class=\"elementor-post__card\">\n\t\t\t\t<a class=\"elementor-post__thumbnail__link\" href=\"https:\/\/sothisconcrete.com\/en\/ia-en-la-construccion\/\" tabindex=\"-1\" ><div class=\"elementor-post__thumbnail\"><img loading=\"lazy\" decoding=\"async\" width=\"2560\" height=\"1707\" src=\"https:\/\/sothisconcrete.com\/wp-content\/uploads\/2024\/02\/IA-en-la-construccion-scaled.jpg\" class=\"attachment-medium size-medium wp-image-1422\" alt=\"IA en la construcci\u00f3n\" srcset=\"https:\/\/sothisconcrete.com\/wp-content\/uploads\/2024\/02\/IA-en-la-construccion-scaled.jpg 2560w, https:\/\/sothisconcrete.com\/wp-content\/uploads\/2024\/02\/IA-en-la-construccion-768x512.jpg 768w, https:\/\/sothisconcrete.com\/wp-content\/uploads\/2024\/02\/IA-en-la-construccion-1536x1024.jpg 1536w, https:\/\/sothisconcrete.com\/wp-content\/uploads\/2024\/02\/IA-en-la-construccion-2048x1365.jpg 2048w, https:\/\/sothisconcrete.com\/wp-content\/uploads\/2024\/02\/IA-en-la-construccion-18x12.jpg 18w\" sizes=\"(max-width: 2560px) 100vw, 2560px\" \/><\/div><\/a>\n\t\t\t\t<div class=\"elementor-post__badge\">Construction<\/div>\n\t\t\t\t<div class=\"elementor-post__text\">\n\t\t\t\t<h3 class=\"elementor-post__title\">\n\t\t\t<a href=\"https:\/\/sothisconcrete.com\/en\/ia-en-la-construccion\/\" >\n\t\t\t\tIA en la construcci\u00f3n\t\t\t<\/a>\n\t\t<\/h3>\n\t\t\t\t\t<div class=\"elementor-post__read-more-wrapper\">\n\t\t\n\t\t<a class=\"elementor-post__read-more\" href=\"https:\/\/sothisconcrete.com\/en\/ia-en-la-construccion\/\" aria-label=\"Read more about IA en la construcci\u00f3n\" tabindex=\"-1\" >\n\t\t\tREAD MORE\t\t<\/a>\n\n\t\t\t\t\t<\/div>\n\t\t\t\t<\/div>\n\t\t\t\t\t<\/div>\n\t\t<\/article>\n\t\t\t\t<\/div>\n\t\t\n\t\t\t\t<div class=\"e-load-more-anchor\" data-page=\"1\" data-max-page=\"3\" data-next-page=\"https:\/\/sothisconcrete.com\/en\/wp-json\/wp\/v2\/pages\/410\/page\/2\/\"><\/div>\n\t\t\t\t<nav class=\"elementor-pagination\" aria-label=\"Pagination\">\n\t\t\t<span aria-current=\"page\" class=\"page-numbers current\"><span class=\"elementor-screen-only\">Page<\/span>1<\/span>\n<a class=\"page-numbers\" href=\"https:\/\/sothisconcrete.com\/en\/wp-json\/wp\/v2\/pages\/410\/page\/2\/\"><span class=\"elementor-screen-only\">Page<\/span>2<\/a>\n<a class=\"page-numbers\" href=\"https:\/\/sothisconcrete.com\/en\/wp-json\/wp\/v2\/pages\/410\/page\/3\/\"><span class=\"elementor-screen-only\">Page<\/span>3<\/a>\t\t<\/nav>\n\t\t\t\t\t\t<\/div>\n\t\t\t\t<\/div>\n\t\t\t\t\t<\/div>\n\t\t\t\t<\/div>\n\t\t<div class=\"elementor-element elementor-element-d10ee1a e-flex e-con-boxed e-con e-parent\" data-id=\"d10ee1a\" data-element_type=\"container\" data-e-type=\"container\">\n\t\t\t\t\t<div class=\"e-con-inner\">\n\t\t\t\t\t<\/div>\n\t\t\t\t<\/div>\n\t\t\t\t<\/div>","protected":false},"excerpt":{"rendered":"<p>BLOG SOTHIS CONCRETE Te traemos<\/p>","protected":false},"author":1,"featured_media":0,"parent":0,"menu_order":0,"comment_status":"closed","ping_status":"closed","template":"elementor_header_footer","meta":{"footnotes":""},"class_list":["post-410","page","type-page","status-publish","hentry"],"yoast_head":"<!-- This site is optimized with the Yoast SEO plugin v27.3 - https:\/\/yoast.com\/product\/yoast-seo-wordpress\/ -->\n<title>Blog Proyectos BIM, Construcci\u00f3n Ingenier\u00eda | SothisConcrete<\/title>\n<meta name=\"description\" content=\"Aqu\u00ed encontrar\u00e1s toda la informaci\u00f3n sobre Proyectos de Obra y Construcci\u00f3n, Proyectos de Ingenier\u00eda, Real Estate y Operaciones. \u00a1Sigue leyendo! \u25b7\" \/>\n<meta name=\"robots\" content=\"index, follow, max-snippet:-1, max-image-preview:large, max-video-preview:-1\" \/>\n<link rel=\"canonical\" href=\"https:\/\/sothisconcrete.com\/en\/blog\/\" \/>\n<meta property=\"og:locale\" content=\"en_GB\" \/>\n<meta property=\"og:type\" content=\"article\" \/>\n<meta property=\"og:title\" content=\"Blog Proyectos BIM, Construcci\u00f3n Ingenier\u00eda | SothisConcrete\" \/>\n<meta property=\"og:description\" content=\"Aqu\u00ed encontrar\u00e1s toda la informaci\u00f3n sobre Proyectos de Obra y Construcci\u00f3n, Proyectos de Ingenier\u00eda, Real Estate y Operaciones. \u00a1Sigue leyendo! \u25b7\" \/>\n<meta property=\"og:url\" content=\"https:\/\/sothisconcrete.com\/en\/blog\/\" \/>\n<meta property=\"og:site_name\" content=\"Sothis Concrete\" \/>\n<meta property=\"article:modified_time\" content=\"2024-02-21T16:07:08+00:00\" \/>\n<meta name=\"twitter:card\" content=\"summary_large_image\" \/>\n<meta name=\"twitter:label1\" content=\"Estimated reading time\" \/>\n\t<meta name=\"twitter:data1\" content=\"2 minutes\" \/>\n<script type=\"application\/ld+json\" class=\"yoast-schema-graph\">{\"@context\":\"https:\\\/\\\/schema.org\",\"@graph\":[{\"@type\":\"WebPage\",\"@id\":\"https:\\\/\\\/sothisconcrete.com\\\/blog\\\/\",\"url\":\"https:\\\/\\\/sothisconcrete.com\\\/blog\\\/\",\"name\":\"Blog Proyectos BIM, Construcci\u00f3n Ingenier\u00eda | SothisConcrete\",\"isPartOf\":{\"@id\":\"https:\\\/\\\/sothisconcrete.com\\\/#website\"},\"datePublished\":\"2023-12-04T09:18:53+00:00\",\"dateModified\":\"2024-02-21T16:07:08+00:00\",\"description\":\"Aqu\u00ed encontrar\u00e1s toda la informaci\u00f3n sobre Proyectos de Obra y Construcci\u00f3n, Proyectos de Ingenier\u00eda, Real Estate y Operaciones. \u00a1Sigue leyendo! \u25b7\",\"breadcrumb\":{\"@id\":\"https:\\\/\\\/sothisconcrete.com\\\/blog\\\/#breadcrumb\"},\"inLanguage\":\"en-GB\",\"potentialAction\":[{\"@type\":\"ReadAction\",\"target\":[\"https:\\\/\\\/sothisconcrete.com\\\/blog\\\/\"]}]},{\"@type\":\"BreadcrumbList\",\"@id\":\"https:\\\/\\\/sothisconcrete.com\\\/blog\\\/#breadcrumb\",\"itemListElement\":[{\"@type\":\"ListItem\",\"position\":1,\"name\":\"Portada\",\"item\":\"https:\\\/\\\/sothisconcrete.com\\\/\"},{\"@type\":\"ListItem\",\"position\":2,\"name\":\"Blog\"}]},{\"@type\":\"WebSite\",\"@id\":\"https:\\\/\\\/sothisconcrete.com\\\/#website\",\"url\":\"https:\\\/\\\/sothisconcrete.com\\\/\",\"name\":\"Sothis Concrete\",\"description\":\"SothisConcrete es la soluci\u00f3n integral definitiva para el sector de la construcci\u00f3n, promoci\u00f3n inmobiliaria y urbanismo\",\"potentialAction\":[{\"@type\":\"SearchAction\",\"target\":{\"@type\":\"EntryPoint\",\"urlTemplate\":\"https:\\\/\\\/sothisconcrete.com\\\/?s={search_term_string}\"},\"query-input\":{\"@type\":\"PropertyValueSpecification\",\"valueRequired\":true,\"valueName\":\"search_term_string\"}}],\"inLanguage\":\"en-GB\"}]}<\/script>\n<!-- \/ Yoast SEO plugin. -->","yoast_head_json":{"title":"Blog Proyectos BIM, Construcci\u00f3n Ingenier\u00eda | SothisConcrete","description":"Aqu\u00ed encontrar\u00e1s toda la informaci\u00f3n sobre Proyectos de Obra y Construcci\u00f3n, Proyectos de Ingenier\u00eda, Real Estate y Operaciones. \u00a1Sigue leyendo! \u25b7","robots":{"index":"index","follow":"follow","max-snippet":"max-snippet:-1","max-image-preview":"max-image-preview:large","max-video-preview":"max-video-preview:-1"},"canonical":"https:\/\/sothisconcrete.com\/en\/blog\/","og_locale":"en_GB","og_type":"article","og_title":"Blog Proyectos BIM, Construcci\u00f3n Ingenier\u00eda | SothisConcrete","og_description":"Aqu\u00ed encontrar\u00e1s toda la informaci\u00f3n sobre Proyectos de Obra y Construcci\u00f3n, Proyectos de Ingenier\u00eda, Real Estate y Operaciones. \u00a1Sigue leyendo! \u25b7","og_url":"https:\/\/sothisconcrete.com\/en\/blog\/","og_site_name":"Sothis Concrete","article_modified_time":"2024-02-21T16:07:08+00:00","twitter_card":"summary_large_image","twitter_misc":{"Estimated reading time":"2 minutes"},"schema":{"@context":"https:\/\/schema.org","@graph":[{"@type":"WebPage","@id":"https:\/\/sothisconcrete.com\/blog\/","url":"https:\/\/sothisconcrete.com\/blog\/","name":"Blog Proyectos BIM, Construcci\u00f3n Ingenier\u00eda | SothisConcrete","isPartOf":{"@id":"https:\/\/sothisconcrete.com\/#website"},"datePublished":"2023-12-04T09:18:53+00:00","dateModified":"2024-02-21T16:07:08+00:00","description":"Aqu\u00ed encontrar\u00e1s toda la informaci\u00f3n sobre Proyectos de Obra y Construcci\u00f3n, Proyectos de Ingenier\u00eda, Real Estate y Operaciones. \u00a1Sigue leyendo! \u25b7","breadcrumb":{"@id":"https:\/\/sothisconcrete.com\/blog\/#breadcrumb"},"inLanguage":"en-GB","potentialAction":[{"@type":"ReadAction","target":["https:\/\/sothisconcrete.com\/blog\/"]}]},{"@type":"BreadcrumbList","@id":"https:\/\/sothisconcrete.com\/blog\/#breadcrumb","itemListElement":[{"@type":"ListItem","position":1,"name":"Portada","item":"https:\/\/sothisconcrete.com\/"},{"@type":"ListItem","position":2,"name":"Blog"}]},{"@type":"WebSite","@id":"https:\/\/sothisconcrete.com\/#website","url":"https:\/\/sothisconcrete.com\/","name":"Sothis Concrete","description":"SothisConcrete es la soluci\u00f3n integral definitiva para el sector de la construcci\u00f3n, promoci\u00f3n inmobiliaria y urbanismo","potentialAction":[{"@type":"SearchAction","target":{"@type":"EntryPoint","urlTemplate":"https:\/\/sothisconcrete.com\/?s={search_term_string}"},"query-input":{"@type":"PropertyValueSpecification","valueRequired":true,"valueName":"search_term_string"}}],"inLanguage":"en-GB"}]}},"_links":{"self":[{"href":"https:\/\/sothisconcrete.com\/en\/wp-json\/wp\/v2\/pages\/410","targetHints":{"allow":["GET"]}}],"collection":[{"href":"https:\/\/sothisconcrete.com\/en\/wp-json\/wp\/v2\/pages"}],"about":[{"href":"https:\/\/sothisconcrete.com\/en\/wp-json\/wp\/v2\/types\/page"}],"author":[{"embeddable":true,"href":"https:\/\/sothisconcrete.com\/en\/wp-json\/wp\/v2\/users\/1"}],"replies":[{"embeddable":true,"href":"https:\/\/sothisconcrete.com\/en\/wp-json\/wp\/v2\/comments?post=410"}],"version-history":[{"count":41,"href":"https:\/\/sothisconcrete.com\/en\/wp-json\/wp\/v2\/pages\/410\/revisions"}],"predecessor-version":[{"id":1286,"href":"https:\/\/sothisconcrete.com\/en\/wp-json\/wp\/v2\/pages\/410\/revisions\/1286"}],"wp:attachment":[{"href":"https:\/\/sothisconcrete.com\/en\/wp-json\/wp\/v2\/media?parent=410"}],"curies":[{"name":"wp","href":"https:\/\/api.w.org\/{rel}","templated":true}]}}