{"id":1048,"date":"2024-02-07T11:55:09","date_gmt":"2024-02-07T11:55:09","guid":{"rendered":"https:\/\/sothisconcrete.com\/?page_id=1048"},"modified":"2024-03-06T15:43:31","modified_gmt":"2024-03-06T15:43:31","slug":"pide-tu-demo","status":"publish","type":"page","link":"https:\/\/sothisconcrete.com\/en\/pide-tu-demo\/","title":{"rendered":"Pide tu demo"},"content":{"rendered":"\t\t<div data-elementor-type=\"wp-page\" data-elementor-id=\"1048\" class=\"elementor elementor-1048\" data-elementor-post-type=\"page\">\n\t\t\t\t<div data-dce-background-color=\"#FFFFFF\" class=\"elementor-element elementor-element-5274aea7 e-con-full e-flex e-con e-parent\" data-id=\"5274aea7\" data-element_type=\"container\" data-e-type=\"container\" data-settings=\"{&quot;background_background&quot;:&quot;classic&quot;}\">\n\t\t<div data-dce-background-color=\"#FFFFFF\" data-dce-background-image-url=\"https:\/\/sothisconcrete.com\/wp-content\/uploads\/2024\/02\/Diseno-sin-titulo-32-768x1086.png\" class=\"elementor-element elementor-element-6b446c56 e-con-full e-flex e-con e-child\" data-id=\"6b446c56\" data-element_type=\"container\" data-e-type=\"container\" data-settings=\"{&quot;background_background&quot;:&quot;classic&quot;}\">\n\t\t\t\t<div data-dce-title-color=\"#FFFFFF\" class=\"elementor-element elementor-element-13a9b37 elementor-widget elementor-widget-heading\" data-id=\"13a9b37\" data-element_type=\"widget\" data-e-type=\"widget\" data-widget_type=\"heading.default\">\n\t\t\t\t<div class=\"elementor-widget-container\">\n\t\t\t\t\t<h2 class=\"elementor-heading-title elementor-size-default\">\u00bfQuieres saber como Sothis Concrete podr\u00eda ayudarte? <\/h2>\t\t\t\t<\/div>\n\t\t\t\t<\/div>\n\t\t\t\t<div data-dce-title-color=\"#FFFFFF\" class=\"elementor-element elementor-element-2e4549d5 elementor-widget elementor-widget-heading\" data-id=\"2e4549d5\" data-element_type=\"widget\" data-e-type=\"widget\" data-widget_type=\"heading.default\">\n\t\t\t\t<div class=\"elementor-widget-container\">\n\t\t\t\t\t<p class=\"elementor-heading-title elementor-size-default\">Contamos con una gran red de expertos que estar\u00e1n encantados de ayudarte y asesorarte de manera personalizada.<\/p>\t\t\t\t<\/div>\n\t\t\t\t<\/div>\n\t\t\t\t<\/div>\n\t\t<div class=\"elementor-element elementor-element-33d7fa3 e-con-full e-flex e-con e-child\" data-id=\"33d7fa3\" data-element_type=\"container\" data-e-type=\"container\">\n\t\t\t\t<div class=\"elementor-element elementor-element-f2e5c17 elementor-widget elementor-widget-heading\" data-id=\"f2e5c17\" data-element_type=\"widget\" data-e-type=\"widget\" data-widget_type=\"heading.default\">\n\t\t\t\t<div class=\"elementor-widget-container\">\n\t\t\t\t\t<h2 class=\"elementor-heading-title elementor-size-default\">PIDE TU DEMO DE MANERA GRATUITA<\/h2>\t\t\t\t<\/div>\n\t\t\t\t<\/div>\n\t\t\t\t<div class=\"elementor-element elementor-element-d2eb358 elementor-widget elementor-widget-spacer\" data-id=\"d2eb358\" data-element_type=\"widget\" data-e-type=\"widget\" data-widget_type=\"spacer.default\">\n\t\t\t\t<div class=\"elementor-widget-container\">\n\t\t\t\t\t\t\t<div class=\"elementor-spacer\">\n\t\t\t<div class=\"elementor-spacer-inner\"><\/div>\n\t\t<\/div>\n\t\t\t\t\t\t<\/div>\n\t\t\t\t<\/div>\n\t\t\t\t<div class=\"elementor-element elementor-element-123cb861 elementor-button-align-start elementor-tablet-button-align-center elementor-widget elementor-widget-form\" data-id=\"123cb861\" data-element_type=\"widget\" data-e-type=\"widget\" data-settings=\"{&quot;step_next_label&quot;:&quot;Next&quot;,&quot;step_previous_label&quot;:&quot;Previous&quot;,&quot;button_width&quot;:&quot;100&quot;,&quot;dce_confirm_dialog_enabled&quot;:&quot;no&quot;,&quot;step_type&quot;:&quot;number_text&quot;,&quot;step_icon_shape&quot;:&quot;circle&quot;,&quot;label_icon_size&quot;:{&quot;unit&quot;:&quot;px&quot;,&quot;size&quot;:&quot;&quot;,&quot;sizes&quot;:[]},&quot;field_icon_size&quot;:{&quot;unit&quot;:&quot;px&quot;,&quot;size&quot;:&quot;&quot;,&quot;sizes&quot;:[]}}\" data-widget_type=\"form.default\">\n\t\t\t\t<div class=\"elementor-widget-container\">\n\t\t\t\t\t\t\t<form class=\"elementor-form\" method=\"post\" name=\"Contact Form\" aria-label=\"Contact Form\">\n\t\t\t<input type=\"hidden\" name=\"post_id\" value=\"1048\"\/>\n\t\t\t<input type=\"hidden\" name=\"form_id\" value=\"123cb861\"\/>\n\t\t\t<input type=\"hidden\" name=\"referer_title\" value=\"Pide tu demo - Sothis Concrete\" \/>\n\n\t\t\t\t\t\t\t<input type=\"hidden\" name=\"queried_id\" value=\"1048\"\/>\n\t\t\t\n\t\t\t<div class=\"elementor-form-fields-wrapper elementor-labels-\">\n\t\t\t\t\t\t\t\t<div class=\"elementor-field-type-text elementor-field-group elementor-column elementor-field-group-name elementor-col-50 elementor-field-required\">\n\t\t\t\t\t\t\t\t\t\t\t\t<label for=\"form-field-name\" class=\"elementor-field-label elementor-screen-only\">\n\t\t\t\t\t\t\t\tYour Name\t\t\t\t\t\t\t<\/label>\n\t\t\t\t\t\t\t\t\t\t\t\t\t\t<input size=\"1\" type=\"text\" name=\"form_fields[name]\" id=\"form-field-name\" class=\"elementor-field elementor-size-sm  elementor-field-textual\" placeholder=\"Your Name*\" required=\"required\">\n\t\t\t\t\t\t\t\t\t\t\t<\/div>\n\t\t\t\t\t\t\t\t<div class=\"elementor-field-type-text elementor-field-group elementor-column elementor-field-group-field_b743cd7 elementor-col-50 elementor-field-required\">\n\t\t\t\t\t\t\t\t\t\t\t\t<label for=\"form-field-field_b743cd7\" class=\"elementor-field-label elementor-screen-only\">\n\t\t\t\t\t\t\t\tLast Name\t\t\t\t\t\t\t<\/label>\n\t\t\t\t\t\t\t\t\t\t\t\t\t\t<input size=\"1\" type=\"text\" name=\"form_fields[field_b743cd7]\" id=\"form-field-field_b743cd7\" class=\"elementor-field elementor-size-sm  elementor-field-textual\" placeholder=\"Last Name*\" required=\"required\">\n\t\t\t\t\t\t\t\t\t\t\t<\/div>\n\t\t\t\t\t\t\t\t<div class=\"elementor-field-type-tel elementor-field-group elementor-column elementor-field-group-field_6c180a9 elementor-col-50 elementor-field-required\">\n\t\t\t\t\t\t\t\t\t\t\t\t<label for=\"form-field-field_6c180a9\" class=\"elementor-field-label elementor-screen-only\">\n\t\t\t\t\t\t\t\tPhone Number\t\t\t\t\t\t\t<\/label>\n\t\t\t\t\t\t\t\t<input size=\"1\" type=\"tel\" name=\"form_fields[field_6c180a9]\" id=\"form-field-field_6c180a9\" class=\"elementor-field elementor-size-sm  elementor-field-textual\" placeholder=\"Phone Number*\" required=\"required\" pattern=\"[0-9()#&amp;+*-=.]+\" title=\"Only numbers and phone characters (#, -, *, etc) are accepted.\">\n\n\t\t\t\t\t\t<\/div>\n\t\t\t\t\t\t\t\t<div class=\"elementor-field-type-email elementor-field-group elementor-column elementor-field-group-email elementor-col-50 elementor-field-required\">\n\t\t\t\t\t\t\t\t\t\t\t\t<label for=\"form-field-email\" class=\"elementor-field-label elementor-screen-only\">\n\t\t\t\t\t\t\t\tEmail\t\t\t\t\t\t\t<\/label>\n\t\t\t\t\t\t\t\t\t\t\t\t\t\t<input size=\"1\" type=\"email\" name=\"form_fields[email]\" id=\"form-field-email\" class=\"elementor-field elementor-size-sm  elementor-field-textual\" placeholder=\"Email*\" required=\"required\">\n\t\t\t\t\t\t\t\t\t\t\t<\/div>\n\t\t\t\t\t\t\t\t<div class=\"elementor-field-type-textarea elementor-field-group elementor-column elementor-field-group-message elementor-col-100\">\n\t\t\t\t\t\t\t\t\t\t\t\t<label for=\"form-field-message\" class=\"elementor-field-label elementor-screen-only\">\n\t\t\t\t\t\t\t\tMessage\t\t\t\t\t\t\t<\/label>\n\t\t\t\t\t\t<textarea class=\"elementor-field-textual elementor-field  elementor-size-sm\" name=\"form_fields[message]\" id=\"form-field-message\" rows=\"4\" placeholder=\"Message\"><\/textarea>\t\t\t\t<\/div>\n\t\t\t\t\t\t\t\t<div class=\"elementor-field-group elementor-column elementor-field-type-submit elementor-col-100 e-form__buttons\">\n\t\t\t\t\t<button class=\"elementor-button elementor-size-sm\" type=\"submit\">\n\t\t\t\t\t\t<span class=\"elementor-button-content-wrapper\">\n\t\t\t\t\t\t\t\t\t\t\t\t\t\t\t\t\t\t\t\t\t\t<span class=\"elementor-button-text\">Solicitar demo<\/span>\n\t\t\t\t\t\t\t\t\t\t\t\t\t<\/span>\n\t\t\t\t\t<\/button>\n\t\t\t\t<\/div>\n\t\t\t<\/div>\n\t\t<\/form>\n\t\t\t\t\t\t<\/div>\n\t\t\t\t<\/div>\n\t\t\t\t<\/div>\n\t\t\t\t<\/div>\n\t\t<div class=\"elementor-element elementor-element-0059a2f e-flex e-con-boxed e-con e-parent\" data-id=\"0059a2f\" data-element_type=\"container\" data-e-type=\"container\">\n\t\t\t\t\t<div class=\"e-con-inner\">\n\t\t\t\t<div class=\"elementor-element elementor-element-09b02e9 elementor-widget elementor-widget-heading\" data-id=\"09b02e9\" data-element_type=\"widget\" data-e-type=\"widget\" data-widget_type=\"heading.default\">\n\t\t\t\t<div class=\"elementor-widget-container\">\n\t\t\t\t\t<h3 class=\"elementor-heading-title elementor-size-default\">Nuestros Clientes<\/h3>\t\t\t\t<\/div>\n\t\t\t\t<\/div>\n\t\t\t\t\t<\/div>\n\t\t\t\t<\/div>\n\t\t<div class=\"elementor-element elementor-element-5f4d679 e-flex e-con-boxed e-con e-parent\" data-id=\"5f4d679\" data-element_type=\"container\" data-e-type=\"container\">\n\t\t\t\t\t<div class=\"e-con-inner\">\n\t\t\t\t<div class=\"elementor-element elementor-element-5dfa00b elementor-arrows-position-inside elementor-pagination-position-outside elementor-widget elementor-widget-image-carousel\" data-id=\"5dfa00b\" data-element_type=\"widget\" data-e-type=\"widget\" data-settings=\"{&quot;slides_to_show&quot;:&quot;4&quot;,&quot;slides_to_scroll&quot;:&quot;4&quot;,&quot;autoplay&quot;:&quot;no&quot;,&quot;infinite&quot;:&quot;no&quot;,&quot;navigation&quot;:&quot;both&quot;,&quot;speed&quot;:500}\" data-widget_type=\"image-carousel.default\">\n\t\t\t\t<div class=\"elementor-widget-container\">\n\t\t\t\t\t\t\t<div class=\"elementor-image-carousel-wrapper swiper\" role=\"region\" aria-roledescription=\"carousel\" aria-label=\"Image Carousel\" dir=\"ltr\">\n\t\t\t<div class=\"elementor-image-carousel swiper-wrapper\" aria-live=\"polite\">\n\t\t\t\t\t\t\t\t<div class=\"swiper-slide\" role=\"group\" aria-roledescription=\"slide\" aria-label=\"1 of 4\"><figure class=\"swiper-slide-inner\"><img decoding=\"async\" class=\"swiper-slide-image\" src=\"https:\/\/sothisconcrete.com\/wp-content\/uploads\/2024\/02\/logo_tm_grupo_inmobiliario.png\" alt=\"logo_tm_grupo_inmobiliario\" \/><\/figure><\/div><div class=\"swiper-slide\" role=\"group\" aria-roledescription=\"slide\" aria-label=\"2 of 4\"><figure class=\"swiper-slide-inner\"><img decoding=\"async\" class=\"swiper-slide-image\" src=\"https:\/\/sothisconcrete.com\/wp-content\/uploads\/2024\/02\/logo_aldesa.png\" alt=\"logo_aldesa\" \/><\/figure><\/div><div class=\"swiper-slide\" role=\"group\" aria-roledescription=\"slide\" aria-label=\"3 of 4\"><figure class=\"swiper-slide-inner\"><img decoding=\"async\" class=\"swiper-slide-image\" src=\"https:\/\/sothisconcrete.com\/wp-content\/uploads\/2024\/02\/logo_llorente_construccion.png\" alt=\"logo_llorente_construccion\" \/><\/figure><\/div><div class=\"swiper-slide\" role=\"group\" aria-roledescription=\"slide\" aria-label=\"4 of 4\"><figure class=\"swiper-slide-inner\"><img decoding=\"async\" class=\"swiper-slide-image\" src=\"https:\/\/sothisconcrete.com\/wp-content\/uploads\/2024\/02\/logo_copasa.png\" alt=\"logo_copasa\" \/><\/figure><\/div>\t\t\t<\/div>\n\t\t\t\t\t\t\t\t\t\t\t\t<div class=\"elementor-swiper-button elementor-swiper-button-prev\" role=\"button\" tabindex=\"0\">\n\t\t\t\t\t\t<i aria-hidden=\"true\" class=\"eicon-chevron-left\"><\/i>\t\t\t\t\t<\/div>\n\t\t\t\t\t<div class=\"elementor-swiper-button elementor-swiper-button-next\" role=\"button\" tabindex=\"0\">\n\t\t\t\t\t\t<i aria-hidden=\"true\" class=\"eicon-chevron-right\"><\/i>\t\t\t\t\t<\/div>\n\t\t\t\t\n\t\t\t\t\t\t\t\t\t<div class=\"swiper-pagination\"><\/div>\n\t\t\t\t\t\t\t\t\t<\/div>\n\t\t\t\t\t\t<\/div>\n\t\t\t\t<\/div>\n\t\t\t\t\t<\/div>\n\t\t\t\t<\/div>\n\t\t\t\t<\/div>\n\t\t","protected":false},"excerpt":{"rendered":"<p>\u00bfQuieres saber como Sothis Concrete podr\u00eda ayudarte? Contamos con una gran red de expertos que estar\u00e1n encantados de ayudarte y asesorarte de manera personalizada. PIDE TU DEMO DE MANERA GRATUITA Nuestros Clientes<\/p>","protected":false},"author":1,"featured_media":1052,"parent":0,"menu_order":0,"comment_status":"closed","ping_status":"closed","template":"elementor_header_footer","meta":{"footnotes":""},"class_list":["post-1048","page","type-page","status-publish","has-post-thumbnail","hentry"],"yoast_head":"<!-- This site is optimized with the Yoast SEO plugin v27.3 - https:\/\/yoast.com\/product\/yoast-seo-wordpress\/ -->\n<title>Pide tu demo - Sothis Concrete<\/title>\n<meta name=\"description\" content=\"\u00bfQuieres saber de que manera podr\u00eda ayudarte nuestro ERP para Construcci\u00f3n, Proyectos BIM, Proyectos de Ingenier\u00eda y Real Estate? Pide tu demo gratuita \u2714\ufe0f\" \/>\n<meta name=\"robots\" content=\"index, follow, max-snippet:-1, max-image-preview:large, max-video-preview:-1\" \/>\n<link rel=\"canonical\" href=\"https:\/\/sothisconcrete.com\/en\/pide-tu-demo\/\" \/>\n<meta property=\"og:locale\" content=\"en_GB\" \/>\n<meta property=\"og:type\" content=\"article\" \/>\n<meta property=\"og:title\" content=\"Pide tu demo - Sothis Concrete\" \/>\n<meta property=\"og:description\" content=\"\u00bfQuieres saber de que manera podr\u00eda ayudarte nuestro ERP para Construcci\u00f3n, Proyectos BIM, Proyectos de Ingenier\u00eda y Real Estate? Pide tu demo gratuita \u2714\ufe0f\" \/>\n<meta property=\"og:url\" content=\"https:\/\/sothisconcrete.com\/en\/pide-tu-demo\/\" \/>\n<meta property=\"og:site_name\" content=\"Sothis Concrete\" \/>\n<meta property=\"article:modified_time\" content=\"2024-03-06T15:43:31+00:00\" \/>\n<meta property=\"og:image\" content=\"https:\/\/sothisconcrete.com\/wp-content\/uploads\/2024\/02\/Diseno-sin-titulo-32.png\" \/>\n\t<meta property=\"og:image:width\" content=\"1414\" \/>\n\t<meta property=\"og:image:height\" content=\"2000\" \/>\n\t<meta property=\"og:image:type\" content=\"image\/png\" \/>\n<meta name=\"twitter:card\" content=\"summary_large_image\" \/>\n<meta name=\"twitter:label1\" content=\"Estimated reading time\" \/>\n\t<meta name=\"twitter:data1\" content=\"1 minute\" \/>\n<script type=\"application\/ld+json\" class=\"yoast-schema-graph\">{\"@context\":\"https:\\\/\\\/schema.org\",\"@graph\":[{\"@type\":\"WebPage\",\"@id\":\"https:\\\/\\\/sothisconcrete.com\\\/pide-tu-demo\\\/\",\"url\":\"https:\\\/\\\/sothisconcrete.com\\\/pide-tu-demo\\\/\",\"name\":\"Pide tu demo - Sothis Concrete\",\"isPartOf\":{\"@id\":\"https:\\\/\\\/sothisconcrete.com\\\/#website\"},\"primaryImageOfPage\":{\"@id\":\"https:\\\/\\\/sothisconcrete.com\\\/pide-tu-demo\\\/#primaryimage\"},\"image\":{\"@id\":\"https:\\\/\\\/sothisconcrete.com\\\/pide-tu-demo\\\/#primaryimage\"},\"thumbnailUrl\":\"https:\\\/\\\/sothisconcrete.com\\\/wp-content\\\/uploads\\\/2024\\\/02\\\/Diseno-sin-titulo-32.png\",\"datePublished\":\"2024-02-07T11:55:09+00:00\",\"dateModified\":\"2024-03-06T15:43:31+00:00\",\"description\":\"\u00bfQuieres saber de que manera podr\u00eda ayudarte nuestro ERP para Construcci\u00f3n, Proyectos BIM, Proyectos de Ingenier\u00eda y Real Estate? Pide tu demo gratuita \u2714\ufe0f\",\"breadcrumb\":{\"@id\":\"https:\\\/\\\/sothisconcrete.com\\\/pide-tu-demo\\\/#breadcrumb\"},\"inLanguage\":\"en-GB\",\"potentialAction\":[{\"@type\":\"ReadAction\",\"target\":[\"https:\\\/\\\/sothisconcrete.com\\\/pide-tu-demo\\\/\"]}]},{\"@type\":\"ImageObject\",\"inLanguage\":\"en-GB\",\"@id\":\"https:\\\/\\\/sothisconcrete.com\\\/pide-tu-demo\\\/#primaryimage\",\"url\":\"https:\\\/\\\/sothisconcrete.com\\\/wp-content\\\/uploads\\\/2024\\\/02\\\/Diseno-sin-titulo-32.png\",\"contentUrl\":\"https:\\\/\\\/sothisconcrete.com\\\/wp-content\\\/uploads\\\/2024\\\/02\\\/Diseno-sin-titulo-32.png\",\"width\":1414,\"height\":2000,\"caption\":\"Demo erp construcci\u00f3n\"},{\"@type\":\"BreadcrumbList\",\"@id\":\"https:\\\/\\\/sothisconcrete.com\\\/pide-tu-demo\\\/#breadcrumb\",\"itemListElement\":[{\"@type\":\"ListItem\",\"position\":1,\"name\":\"Portada\",\"item\":\"https:\\\/\\\/sothisconcrete.com\\\/\"},{\"@type\":\"ListItem\",\"position\":2,\"name\":\"Pide tu demo\"}]},{\"@type\":\"WebSite\",\"@id\":\"https:\\\/\\\/sothisconcrete.com\\\/#website\",\"url\":\"https:\\\/\\\/sothisconcrete.com\\\/\",\"name\":\"Sothis Concrete\",\"description\":\"SothisConcrete es la soluci\u00f3n integral definitiva para el sector de la construcci\u00f3n, promoci\u00f3n inmobiliaria y urbanismo\",\"potentialAction\":[{\"@type\":\"SearchAction\",\"target\":{\"@type\":\"EntryPoint\",\"urlTemplate\":\"https:\\\/\\\/sothisconcrete.com\\\/?s={search_term_string}\"},\"query-input\":{\"@type\":\"PropertyValueSpecification\",\"valueRequired\":true,\"valueName\":\"search_term_string\"}}],\"inLanguage\":\"en-GB\"}]}<\/script>\n<!-- \/ Yoast SEO plugin. -->","yoast_head_json":{"title":"Pide tu demo - Sothis Concrete","description":"\u00bfQuieres saber de que manera podr\u00eda ayudarte nuestro ERP para Construcci\u00f3n, Proyectos BIM, Proyectos de Ingenier\u00eda y Real Estate? Pide tu demo gratuita \u2714\ufe0f","robots":{"index":"index","follow":"follow","max-snippet":"max-snippet:-1","max-image-preview":"max-image-preview:large","max-video-preview":"max-video-preview:-1"},"canonical":"https:\/\/sothisconcrete.com\/en\/pide-tu-demo\/","og_locale":"en_GB","og_type":"article","og_title":"Pide tu demo - Sothis Concrete","og_description":"\u00bfQuieres saber de que manera podr\u00eda ayudarte nuestro ERP para Construcci\u00f3n, Proyectos BIM, Proyectos de Ingenier\u00eda y Real Estate? Pide tu demo gratuita \u2714\ufe0f","og_url":"https:\/\/sothisconcrete.com\/en\/pide-tu-demo\/","og_site_name":"Sothis Concrete","article_modified_time":"2024-03-06T15:43:31+00:00","og_image":[{"width":1414,"height":2000,"url":"https:\/\/sothisconcrete.com\/wp-content\/uploads\/2024\/02\/Diseno-sin-titulo-32.png","type":"image\/png"}],"twitter_card":"summary_large_image","twitter_misc":{"Estimated reading time":"1 minute"},"schema":{"@context":"https:\/\/schema.org","@graph":[{"@type":"WebPage","@id":"https:\/\/sothisconcrete.com\/pide-tu-demo\/","url":"https:\/\/sothisconcrete.com\/pide-tu-demo\/","name":"Pide tu demo - Sothis Concrete","isPartOf":{"@id":"https:\/\/sothisconcrete.com\/#website"},"primaryImageOfPage":{"@id":"https:\/\/sothisconcrete.com\/pide-tu-demo\/#primaryimage"},"image":{"@id":"https:\/\/sothisconcrete.com\/pide-tu-demo\/#primaryimage"},"thumbnailUrl":"https:\/\/sothisconcrete.com\/wp-content\/uploads\/2024\/02\/Diseno-sin-titulo-32.png","datePublished":"2024-02-07T11:55:09+00:00","dateModified":"2024-03-06T15:43:31+00:00","description":"\u00bfQuieres saber de que manera podr\u00eda ayudarte nuestro ERP para Construcci\u00f3n, Proyectos BIM, Proyectos de Ingenier\u00eda y Real Estate? Pide tu demo gratuita \u2714\ufe0f","breadcrumb":{"@id":"https:\/\/sothisconcrete.com\/pide-tu-demo\/#breadcrumb"},"inLanguage":"en-GB","potentialAction":[{"@type":"ReadAction","target":["https:\/\/sothisconcrete.com\/pide-tu-demo\/"]}]},{"@type":"ImageObject","inLanguage":"en-GB","@id":"https:\/\/sothisconcrete.com\/pide-tu-demo\/#primaryimage","url":"https:\/\/sothisconcrete.com\/wp-content\/uploads\/2024\/02\/Diseno-sin-titulo-32.png","contentUrl":"https:\/\/sothisconcrete.com\/wp-content\/uploads\/2024\/02\/Diseno-sin-titulo-32.png","width":1414,"height":2000,"caption":"Demo erp construcci\u00f3n"},{"@type":"BreadcrumbList","@id":"https:\/\/sothisconcrete.com\/pide-tu-demo\/#breadcrumb","itemListElement":[{"@type":"ListItem","position":1,"name":"Portada","item":"https:\/\/sothisconcrete.com\/"},{"@type":"ListItem","position":2,"name":"Pide tu demo"}]},{"@type":"WebSite","@id":"https:\/\/sothisconcrete.com\/#website","url":"https:\/\/sothisconcrete.com\/","name":"Sothis Concrete","description":"SothisConcrete es la soluci\u00f3n integral definitiva para el sector de la construcci\u00f3n, promoci\u00f3n inmobiliaria y urbanismo","potentialAction":[{"@type":"SearchAction","target":{"@type":"EntryPoint","urlTemplate":"https:\/\/sothisconcrete.com\/?s={search_term_string}"},"query-input":{"@type":"PropertyValueSpecification","valueRequired":true,"valueName":"search_term_string"}}],"inLanguage":"en-GB"}]}},"_links":{"self":[{"href":"https:\/\/sothisconcrete.com\/en\/wp-json\/wp\/v2\/pages\/1048","targetHints":{"allow":["GET"]}}],"collection":[{"href":"https:\/\/sothisconcrete.com\/en\/wp-json\/wp\/v2\/pages"}],"about":[{"href":"https:\/\/sothisconcrete.com\/en\/wp-json\/wp\/v2\/types\/page"}],"author":[{"embeddable":true,"href":"https:\/\/sothisconcrete.com\/en\/wp-json\/wp\/v2\/users\/1"}],"replies":[{"embeddable":true,"href":"https:\/\/sothisconcrete.com\/en\/wp-json\/wp\/v2\/comments?post=1048"}],"version-history":[{"count":43,"href":"https:\/\/sothisconcrete.com\/en\/wp-json\/wp\/v2\/pages\/1048\/revisions"}],"predecessor-version":[{"id":1865,"href":"https:\/\/sothisconcrete.com\/en\/wp-json\/wp\/v2\/pages\/1048\/revisions\/1865"}],"wp:featuredmedia":[{"embeddable":true,"href":"https:\/\/sothisconcrete.com\/en\/wp-json\/wp\/v2\/media\/1052"}],"wp:attachment":[{"href":"https:\/\/sothisconcrete.com\/en\/wp-json\/wp\/v2\/media?parent=1048"}],"curies":[{"name":"wp","href":"https:\/\/api.w.org\/{rel}","templated":true}]}}